{"id":38,"date":"2024-06-05T10:24:14","date_gmt":"2024-06-05T08:24:14","guid":{"rendered":"https:\/\/okamimura.fr\/?page_id=38"},"modified":"2025-01-13T20:41:18","modified_gmt":"2025-01-13T19:41:18","slug":"faq-et-vocabulaires","status":"publish","type":"page","link":"https:\/\/okamimura.fr\/index.php\/les-regles\/faq-et-vocabulaires\/","title":{"rendered":"FAQ et Vocabulaires"},"content":{"rendered":"\n<h2 class=\"wp-block-heading has-text-align-center\">Vocabulaires<\/h2>\n\n\n\n<p><strong>Alli\u00e9<\/strong>: Tout joueur appartenant \u00e0 la m\u00eame affiliation que vous.<br><\/p>\n\n\n\n<p> <strong>Voisin <\/strong>: joueur vivant avec le num\u00e9ro croissant ou d\u00e9croissant le plus proche.<\/p>\n\n\n\n<p>Note: Les 2 voisins sont donc le joueur vivant avec le num\u00e9ro d\u00e9croissant et le joueur vivant avec le num\u00e9ro croissant le plus proche. ( exemple : Le 6 est mort, le 5 a donc pour voisin 4 et 7) <br><br><strong>Ennemi<\/strong>: Tout joueur appartenant \u00e0 une affiliation diff\u00e9rente \u00e0 la votre.<\/p>\n\n\n\n<p><strong>Camp<\/strong>: Ensemble de joueur appartenant \u00e0 la m\u00eame affiliation.<\/p>\n\n\n\n<p><strong>Affiliation<\/strong>: Chaque joueur a une affiliation, celle ci peut changer au court de la partie \u00e0 la suite des effets de certains r\u00f4les. <\/p>\n\n\n\n<p><strong>Nombre <\/strong>successifs: S\u00e9rie de num\u00e9ro vivants cons\u00e9cutifs. <\/p>\n\n\n\n<p><strong>Action n\u00e9faste<\/strong> : Toute action impactant n\u00e9gativement le joueur. Mort, Empoisonnement, Alcool&#8230; Les changements d&#8217;affiliations ne sont pas consid\u00e9r\u00e9s comme tel. <\/p>\n\n\n\n<p><strong>Tour de jeu<\/strong> : Il est constitu\u00e9 de deux phases, la phase de &#8220;Obscure&#8221; et le &#8220;Jugement&#8221;<\/p>\n\n\n\n<p><strong>Alcoolis\u00e9 <\/strong>: Son pouvoir ne fonctionne pas correctement, pour un r\u00f4le d&#8217;information, cette information est donn\u00e9e de mani\u00e8re al\u00e9atoire, elle peut donc \u00eatre vraie comme fausse. <\/p>\n\n\n\n<p><strong>Ivre<\/strong>: Le joueur est alcoolis\u00e9 toute la partie. Ce statut est donn\u00e9 \u00e0 un r\u00f4le d&#8217;information. <\/p>\n\n\n\n<p><strong>Tiss\u00e9 :<\/strong> Joueur reli\u00e9 \u00e0 la toile de la tisseuse<\/p>\n\n\n\n<p><\/p>\n\n\n\n<h2 class=\"wp-block-heading has-text-align-center\">FAQ<\/h2>\n\n\n\n<p class=\"has-text-align-left\"><strong>Si je suis amoureux \u00e0 quel camp j&#8217;appartiens ?<\/strong><br>Les amoureux qui appartiennent \u00e0 une affiliation diff\u00e9rente, forme un camp \u00e0 part enti\u00e8re, tout comme les ind\u00e9pendants. Si ils appartiennent \u00e0 la m\u00eame affiliation, ils sont dans le m\u00eame camp que les autres joueurs de cette affiliation.<\/p>\n\n\n\n<p class=\"has-text-align-left\">Nu\u00e9e: <br>la personne poss\u00e9d\u00e9e par la Nu\u00e9e ne change pas d&#8217;affiliation. <\/p>\n","protected":false},"excerpt":{"rendered":"<p>Vocabulaires Alli\u00e9: Tout joueur appartenant \u00e0 la m\u00eame affiliation que vous. Voisin : joueur vivant avec le num\u00e9ro croissant ou d\u00e9croissant le plus proche. Note: Les 2 voisins sont donc [&hellip;]<\/p>\n","protected":false},"author":1,"featured_media":0,"parent":36,"menu_order":0,"comment_status":"closed","ping_status":"closed","template":"","meta":{"om_disable_all_campaigns":false,"_monsterinsights_skip_tracking":false,"_monsterinsights_sitenote_active":false,"_monsterinsights_sitenote_note":"","_monsterinsights_sitenote_category":0,"_price":"","_stock":"","_tribe_ticket_header":"","_tribe_default_ticket_provider":"","_ticket_start_date":"","_ticket_end_date":"","_tribe_ticket_show_description":"","_tribe_ticket_show_not_going":false,"_tribe_ticket_use_global_stock":"","_tribe_ticket_global_stock_level":"","_global_stock_mode":"","_global_stock_cap":"","_tribe_rsvp_for_event":"","_tribe_ticket_going_count":"","_tribe_ticket_not_going_count":"","_tribe_tickets_list":"[]","_tribe_ticket_has_attendee_info_fields":false,"_EventAllDay":false,"_EventTimezone":"","_EventStartDate":"","_EventEndDate":"","_EventStartDateUTC":"","_EventEndDateUTC":"","_EventShowMap":false,"_EventShowMapLink":false,"_EventURL":"","_EventCost":"","_EventCostDescription":"","_EventCurrencySymbol":"","_EventCurrencyCode":"","_EventCurrencyPosition":"","_EventDateTimeSeparator":"","_EventTimeRangeSeparator":"","_EventOrganizerID":[],"_EventVenueID":[],"_OrganizerEmail":"","_OrganizerPhone":"","_OrganizerWebsite":"","_VenueAddress":"","_VenueCity":"","_VenueCountry":"","_VenueProvince":"","_VenueState":"","_VenueZip":"","_VenuePhone":"","_VenueURL":"","_VenueStateProvince":"","_VenueLat":"","_VenueLng":"","_VenueShowMap":false,"_VenueShowMapLink":false,"footnotes":"","_tec_slr_enabled":"","_tec_slr_layout":""},"class_list":["post-38","page","type-page","status-publish","hentry"],"yoast_head":"<!-- This site is optimized with the Yoast SEO plugin v27.1.1 - https:\/\/yoast.com\/product\/yoast-seo-wordpress\/ -->\n<title>FAQ et Vocabulaires - Okamimura<\/title>\n<meta name=\"robots\" content=\"index, follow, max-snippet:-1, max-image-preview:large, max-video-preview:-1\" \/>\n<link rel=\"canonical\" href=\"https:\/\/okamimura.fr\/index.php\/les-regles\/faq-et-vocabulaires\/\" \/>\n<meta property=\"og:locale\" content=\"en_US\" \/>\n<meta property=\"og:type\" content=\"article\" \/>\n<meta property=\"og:title\" content=\"FAQ et Vocabulaires - Okamimura\" \/>\n<meta property=\"og:description\" content=\"Vocabulaires Alli\u00e9: Tout joueur appartenant \u00e0 la m\u00eame affiliation que vous. Voisin : joueur vivant avec le num\u00e9ro croissant ou d\u00e9croissant le plus proche. Note: Les 2 voisins sont donc [&hellip;]\" \/>\n<meta property=\"og:url\" content=\"https:\/\/okamimura.fr\/index.php\/les-regles\/faq-et-vocabulaires\/\" \/>\n<meta property=\"og:site_name\" content=\"Okamimura\" \/>\n<meta property=\"article:modified_time\" content=\"2025-01-13T19:41:18+00:00\" \/>\n<meta name=\"twitter:card\" content=\"summary_large_image\" \/>\n<meta name=\"twitter:label1\" content=\"Est. reading time\" \/>\n\t<meta name=\"twitter:data1\" content=\"2 minutes\" \/>\n<script type=\"application\/ld+json\" class=\"yoast-schema-graph\">{\"@context\":\"https:\/\/schema.org\",\"@graph\":[{\"@type\":\"WebPage\",\"@id\":\"https:\/\/okamimura.fr\/index.php\/les-regles\/faq-et-vocabulaires\/\",\"url\":\"https:\/\/okamimura.fr\/index.php\/les-regles\/faq-et-vocabulaires\/\",\"name\":\"FAQ et Vocabulaires - Okamimura\",\"isPartOf\":{\"@id\":\"https:\/\/okamimura.fr\/#website\"},\"datePublished\":\"2024-06-05T08:24:14+00:00\",\"dateModified\":\"2025-01-13T19:41:18+00:00\",\"breadcrumb\":{\"@id\":\"https:\/\/okamimura.fr\/index.php\/les-regles\/faq-et-vocabulaires\/#breadcrumb\"},\"inLanguage\":\"en-US\",\"potentialAction\":[{\"@type\":\"ReadAction\",\"target\":[\"https:\/\/okamimura.fr\/index.php\/les-regles\/faq-et-vocabulaires\/\"]}]},{\"@type\":\"BreadcrumbList\",\"@id\":\"https:\/\/okamimura.fr\/index.php\/les-regles\/faq-et-vocabulaires\/#breadcrumb\",\"itemListElement\":[{\"@type\":\"ListItem\",\"position\":1,\"name\":\"Accueil\",\"item\":\"https:\/\/okamimura.fr\/\"},{\"@type\":\"ListItem\",\"position\":2,\"name\":\"Les R\u00e8gles\",\"item\":\"https:\/\/okamimura.fr\/index.php\/les-regles\/\"},{\"@type\":\"ListItem\",\"position\":3,\"name\":\"FAQ et Vocabulaires\"}]},{\"@type\":\"WebSite\",\"@id\":\"https:\/\/okamimura.fr\/#website\",\"url\":\"https:\/\/okamimura.fr\/\",\"name\":\"Okamimura\",\"description\":\"Je peux pas j&#039;enqu\u00eate !\",\"potentialAction\":[{\"@type\":\"SearchAction\",\"target\":{\"@type\":\"EntryPoint\",\"urlTemplate\":\"https:\/\/okamimura.fr\/?s={search_term_string}\"},\"query-input\":{\"@type\":\"PropertyValueSpecification\",\"valueRequired\":true,\"valueName\":\"search_term_string\"}}],\"inLanguage\":\"en-US\"}]}<\/script>\n<!-- \/ Yoast SEO plugin. -->","yoast_head_json":{"title":"FAQ et Vocabulaires - Okamimura","robots":{"index":"index","follow":"follow","max-snippet":"max-snippet:-1","max-image-preview":"max-image-preview:large","max-video-preview":"max-video-preview:-1"},"canonical":"https:\/\/okamimura.fr\/index.php\/les-regles\/faq-et-vocabulaires\/","og_locale":"en_US","og_type":"article","og_title":"FAQ et Vocabulaires - Okamimura","og_description":"Vocabulaires Alli\u00e9: Tout joueur appartenant \u00e0 la m\u00eame affiliation que vous. Voisin : joueur vivant avec le num\u00e9ro croissant ou d\u00e9croissant le plus proche. Note: Les 2 voisins sont donc [&hellip;]","og_url":"https:\/\/okamimura.fr\/index.php\/les-regles\/faq-et-vocabulaires\/","og_site_name":"Okamimura","article_modified_time":"2025-01-13T19:41:18+00:00","twitter_card":"summary_large_image","twitter_misc":{"Est. reading time":"2 minutes"},"schema":{"@context":"https:\/\/schema.org","@graph":[{"@type":"WebPage","@id":"https:\/\/okamimura.fr\/index.php\/les-regles\/faq-et-vocabulaires\/","url":"https:\/\/okamimura.fr\/index.php\/les-regles\/faq-et-vocabulaires\/","name":"FAQ et Vocabulaires - Okamimura","isPartOf":{"@id":"https:\/\/okamimura.fr\/#website"},"datePublished":"2024-06-05T08:24:14+00:00","dateModified":"2025-01-13T19:41:18+00:00","breadcrumb":{"@id":"https:\/\/okamimura.fr\/index.php\/les-regles\/faq-et-vocabulaires\/#breadcrumb"},"inLanguage":"en-US","potentialAction":[{"@type":"ReadAction","target":["https:\/\/okamimura.fr\/index.php\/les-regles\/faq-et-vocabulaires\/"]}]},{"@type":"BreadcrumbList","@id":"https:\/\/okamimura.fr\/index.php\/les-regles\/faq-et-vocabulaires\/#breadcrumb","itemListElement":[{"@type":"ListItem","position":1,"name":"Accueil","item":"https:\/\/okamimura.fr\/"},{"@type":"ListItem","position":2,"name":"Les R\u00e8gles","item":"https:\/\/okamimura.fr\/index.php\/les-regles\/"},{"@type":"ListItem","position":3,"name":"FAQ et Vocabulaires"}]},{"@type":"WebSite","@id":"https:\/\/okamimura.fr\/#website","url":"https:\/\/okamimura.fr\/","name":"Okamimura","description":"Je peux pas j&#039;enqu\u00eate !","potentialAction":[{"@type":"SearchAction","target":{"@type":"EntryPoint","urlTemplate":"https:\/\/okamimura.fr\/?s={search_term_string}"},"query-input":{"@type":"PropertyValueSpecification","valueRequired":true,"valueName":"search_term_string"}}],"inLanguage":"en-US"}]}},"ticketed":false,"_links":{"self":[{"href":"https:\/\/okamimura.fr\/index.php\/wp-json\/wp\/v2\/pages\/38","targetHints":{"allow":["GET"]}}],"collection":[{"href":"https:\/\/okamimura.fr\/index.php\/wp-json\/wp\/v2\/pages"}],"about":[{"href":"https:\/\/okamimura.fr\/index.php\/wp-json\/wp\/v2\/types\/page"}],"author":[{"embeddable":true,"href":"https:\/\/okamimura.fr\/index.php\/wp-json\/wp\/v2\/users\/1"}],"replies":[{"embeddable":true,"href":"https:\/\/okamimura.fr\/index.php\/wp-json\/wp\/v2\/comments?post=38"}],"version-history":[{"count":8,"href":"https:\/\/okamimura.fr\/index.php\/wp-json\/wp\/v2\/pages\/38\/revisions"}],"predecessor-version":[{"id":418,"href":"https:\/\/okamimura.fr\/index.php\/wp-json\/wp\/v2\/pages\/38\/revisions\/418"}],"up":[{"embeddable":true,"href":"https:\/\/okamimura.fr\/index.php\/wp-json\/wp\/v2\/pages\/36"}],"wp:attachment":[{"href":"https:\/\/okamimura.fr\/index.php\/wp-json\/wp\/v2\/media?parent=38"}],"curies":[{"name":"wp","href":"https:\/\/api.w.org\/{rel}","templated":true}]}}