{"id":493,"date":"2026-02-20T14:22:33","date_gmt":"2026-02-20T13:22:33","guid":{"rendered":"https:\/\/okamimura.fr\/?page_id=493"},"modified":"2026-03-29T17:42:37","modified_gmt":"2026-03-29T15:42:37","slug":"extension-sirenes","status":"publish","type":"page","link":"https:\/\/okamimura.fr\/index.php\/les-regles\/extension-sirenes\/","title":{"rendered":"Extension Sir\u00e8nes :"},"content":{"rendered":"\n<p><\/p>\n\n\n\n<p><strong>Nouveaux Statuts : <\/strong><\/p>\n\n\n\n<p>\ud83d\udca7 Charm\u00e9 : Le pouvoir du joueur avantage le camp de la personne qui lui a attribu\u00e9 ce statut.<\/p>\n\n\n\n<p>\ud83d\udca7 Amant : Si le joueur meurt la personne qui lui a attribu\u00e9 ce statut meurt avec. Attention ca ne marque que dans un sens.<\/p>\n\n\n\n<p><\/p>\n\n\n\n<p><strong>Camp Sir\u00e8nes :<\/strong><\/p>\n\n\n\n<p><strong><em>La chasse <\/em>:<\/strong> A chaque tour les sir\u00e8nes peuvent, commun\u00e9ment, participer \u00e0 la mort d&#8217;un joueur. Si un num\u00e9ro est majoritaire alors le joueur associ\u00e9 est tu\u00e9. Si aucun num\u00e9ro majoritaire ne ressort, c&#8217;est le premier num\u00e9ro donn\u00e9 qui est comptabilis\u00e9.<\/p>\n\n\n\n<p>Le tour suivant la mort du dernier ind\u00e9pendant, les sir\u00e8nes activent pour un tour le <strong>festin des sir\u00e8nes<\/strong> \u00e0 la place de la chasse: <br>Tous les votes des sir\u00e8nes tuent.<\/p>\n\n\n\n<p>\ud83d\udca7 La Matriarche <\/p>\n\n\n\n<p>\ud83d\udca7La Vestale<\/p>\n\n\n\n<p>\ud83d\udca7 La Succube<\/p>\n\n\n\n<p>\ud83d\udca7 La Harpie<\/p>\n\n\n\n<p>\ud83d\udca7 La M\u00e9duse<\/p>\n\n\n\n<p>\ud83d\udca7 La Naga<\/p>\n\n\n\n<p>\ud83d\udca7 La Pr\u00eatresse des Marais<\/p>\n\n\n\n<p><strong>Camp Village :<\/strong><\/p>\n\n\n\n<p>\ud83d\udca7 Le Barde <\/p>\n\n\n\n<p>\ud83d\udca7 Le Batelier <\/p>\n\n\n\n<p>\ud83d\udca7 Le Moussaillon <\/p>\n\n\n\n<p>\ud83d\udca7 L&#8217;Ondine <\/p>\n\n\n\n<p>\ud83d\udca7Le Pecheur<\/p>\n\n\n\n<p>\ud83d\udca7 La Pr\u00eatresse des Eaux<\/p>\n\n\n\n<p>\ud83d\udca7Le Renard <\/p>\n\n\n\n<p>\ud83d\udca7Le Rempart<\/p>\n\n\n\n<p>\ud83d\udca7Le Sextant<\/p>\n\n\n\n<p> <br><strong>Les Ind\u00e9pendants :<\/strong><\/p>\n\n\n\n<p>Ulysse et P\u00e9n\u00e9lope peuvent \u00eatre jouer ind\u00e9pendamment ou ensemble. Si les deux sont en jeux, il ne peuvent jamais s&#8217;entretuer et en vie leur condition de victoire est : <br>Toutes les Sir\u00e8nes et tous les autres ind\u00e9pendant sont morts.<\/p>\n\n\n\n<p>\u2b22\u2b22\u2b21\ud83d\udca7P\u00e9n\u00e9lope <\/p>\n\n\n\n<p>\u2b22\u2b22\u2b21\ud83d\udca7Ulysse<\/p>\n","protected":false},"excerpt":{"rendered":"<p>Nouveaux Statuts : \ud83d\udca7 Charm\u00e9 : Le pouvoir du joueur avantage le camp de la personne qui lui a attribu\u00e9 ce statut. \ud83d\udca7 Amant : Si le joueur meurt la [&hellip;]<\/p>\n","protected":false},"author":1,"featured_media":0,"parent":36,"menu_order":0,"comment_status":"closed","ping_status":"closed","template":"","meta":{"om_disable_all_campaigns":false,"_monsterinsights_skip_tracking":false,"_monsterinsights_sitenote_active":false,"_monsterinsights_sitenote_note":"","_monsterinsights_sitenote_category":0,"_price":"","_stock":"","_tribe_ticket_header":"","_tribe_default_ticket_provider":"","_ticket_start_date":"","_ticket_end_date":"","_tribe_ticket_show_description":"","_tribe_ticket_show_not_going":false,"_tribe_ticket_use_global_stock":"","_tribe_ticket_global_stock_level":"","_global_stock_mode":"","_global_stock_cap":"","_tribe_rsvp_for_event":"","_tribe_ticket_going_count":"","_tribe_ticket_not_going_count":"","_tribe_tickets_list":"[]","_tribe_ticket_has_attendee_info_fields":false,"_EventAllDay":false,"_EventTimezone":"","_EventStartDate":"","_EventEndDate":"","_EventStartDateUTC":"","_EventEndDateUTC":"","_EventShowMap":false,"_EventShowMapLink":false,"_EventURL":"","_EventCost":"","_EventCostDescription":"","_EventCurrencySymbol":"","_EventCurrencyCode":"","_EventCurrencyPosition":"","_EventDateTimeSeparator":"","_EventTimeRangeSeparator":"","_EventOrganizerID":[],"_EventVenueID":[],"_OrganizerEmail":"","_OrganizerPhone":"","_OrganizerWebsite":"","_VenueAddress":"","_VenueCity":"","_VenueCountry":"","_VenueProvince":"","_VenueState":"","_VenueZip":"","_VenuePhone":"","_VenueURL":"","_VenueStateProvince":"","_VenueLat":"","_VenueLng":"","_VenueShowMap":false,"_VenueShowMapLink":false,"footnotes":"","_tec_slr_enabled":"","_tec_slr_layout":""},"class_list":["post-493","page","type-page","status-publish","hentry"],"yoast_head":"<!-- This site is optimized with the Yoast SEO plugin v27.1.1 - https:\/\/yoast.com\/product\/yoast-seo-wordpress\/ -->\n<title>Extension Sir\u00e8nes : - Okamimura<\/title>\n<meta name=\"robots\" content=\"index, follow, max-snippet:-1, max-image-preview:large, max-video-preview:-1\" \/>\n<link rel=\"canonical\" href=\"https:\/\/okamimura.fr\/index.php\/les-regles\/extension-sirenes\/\" \/>\n<meta property=\"og:locale\" content=\"en_US\" \/>\n<meta property=\"og:type\" content=\"article\" \/>\n<meta property=\"og:title\" content=\"Extension Sir\u00e8nes : - Okamimura\" \/>\n<meta property=\"og:description\" content=\"Nouveaux Statuts : \ud83d\udca7 Charm\u00e9 : Le pouvoir du joueur avantage le camp de la personne qui lui a attribu\u00e9 ce statut. \ud83d\udca7 Amant : Si le joueur meurt la [&hellip;]\" \/>\n<meta property=\"og:url\" content=\"https:\/\/okamimura.fr\/index.php\/les-regles\/extension-sirenes\/\" \/>\n<meta property=\"og:site_name\" content=\"Okamimura\" \/>\n<meta property=\"article:modified_time\" content=\"2026-03-29T15:42:37+00:00\" \/>\n<meta name=\"twitter:card\" content=\"summary_large_image\" \/>\n<meta name=\"twitter:label1\" content=\"Est. reading time\" \/>\n\t<meta name=\"twitter:data1\" content=\"1 minute\" \/>\n<script type=\"application\/ld+json\" class=\"yoast-schema-graph\">{\"@context\":\"https:\/\/schema.org\",\"@graph\":[{\"@type\":\"WebPage\",\"@id\":\"https:\/\/okamimura.fr\/index.php\/les-regles\/extension-sirenes\/\",\"url\":\"https:\/\/okamimura.fr\/index.php\/les-regles\/extension-sirenes\/\",\"name\":\"Extension Sir\u00e8nes : - Okamimura\",\"isPartOf\":{\"@id\":\"https:\/\/okamimura.fr\/#website\"},\"datePublished\":\"2026-02-20T13:22:33+00:00\",\"dateModified\":\"2026-03-29T15:42:37+00:00\",\"breadcrumb\":{\"@id\":\"https:\/\/okamimura.fr\/index.php\/les-regles\/extension-sirenes\/#breadcrumb\"},\"inLanguage\":\"en-US\",\"potentialAction\":[{\"@type\":\"ReadAction\",\"target\":[\"https:\/\/okamimura.fr\/index.php\/les-regles\/extension-sirenes\/\"]}]},{\"@type\":\"BreadcrumbList\",\"@id\":\"https:\/\/okamimura.fr\/index.php\/les-regles\/extension-sirenes\/#breadcrumb\",\"itemListElement\":[{\"@type\":\"ListItem\",\"position\":1,\"name\":\"Accueil\",\"item\":\"https:\/\/okamimura.fr\/\"},{\"@type\":\"ListItem\",\"position\":2,\"name\":\"Les R\u00e8gles\",\"item\":\"https:\/\/okamimura.fr\/index.php\/les-regles\/\"},{\"@type\":\"ListItem\",\"position\":3,\"name\":\"Extension Sir\u00e8nes :\"}]},{\"@type\":\"WebSite\",\"@id\":\"https:\/\/okamimura.fr\/#website\",\"url\":\"https:\/\/okamimura.fr\/\",\"name\":\"Okamimura\",\"description\":\"Je peux pas j&#039;enqu\u00eate !\",\"potentialAction\":[{\"@type\":\"SearchAction\",\"target\":{\"@type\":\"EntryPoint\",\"urlTemplate\":\"https:\/\/okamimura.fr\/?s={search_term_string}\"},\"query-input\":{\"@type\":\"PropertyValueSpecification\",\"valueRequired\":true,\"valueName\":\"search_term_string\"}}],\"inLanguage\":\"en-US\"}]}<\/script>\n<!-- \/ Yoast SEO plugin. -->","yoast_head_json":{"title":"Extension Sir\u00e8nes : - Okamimura","robots":{"index":"index","follow":"follow","max-snippet":"max-snippet:-1","max-image-preview":"max-image-preview:large","max-video-preview":"max-video-preview:-1"},"canonical":"https:\/\/okamimura.fr\/index.php\/les-regles\/extension-sirenes\/","og_locale":"en_US","og_type":"article","og_title":"Extension Sir\u00e8nes : - Okamimura","og_description":"Nouveaux Statuts : \ud83d\udca7 Charm\u00e9 : Le pouvoir du joueur avantage le camp de la personne qui lui a attribu\u00e9 ce statut. \ud83d\udca7 Amant : Si le joueur meurt la [&hellip;]","og_url":"https:\/\/okamimura.fr\/index.php\/les-regles\/extension-sirenes\/","og_site_name":"Okamimura","article_modified_time":"2026-03-29T15:42:37+00:00","twitter_card":"summary_large_image","twitter_misc":{"Est. reading time":"1 minute"},"schema":{"@context":"https:\/\/schema.org","@graph":[{"@type":"WebPage","@id":"https:\/\/okamimura.fr\/index.php\/les-regles\/extension-sirenes\/","url":"https:\/\/okamimura.fr\/index.php\/les-regles\/extension-sirenes\/","name":"Extension Sir\u00e8nes : - Okamimura","isPartOf":{"@id":"https:\/\/okamimura.fr\/#website"},"datePublished":"2026-02-20T13:22:33+00:00","dateModified":"2026-03-29T15:42:37+00:00","breadcrumb":{"@id":"https:\/\/okamimura.fr\/index.php\/les-regles\/extension-sirenes\/#breadcrumb"},"inLanguage":"en-US","potentialAction":[{"@type":"ReadAction","target":["https:\/\/okamimura.fr\/index.php\/les-regles\/extension-sirenes\/"]}]},{"@type":"BreadcrumbList","@id":"https:\/\/okamimura.fr\/index.php\/les-regles\/extension-sirenes\/#breadcrumb","itemListElement":[{"@type":"ListItem","position":1,"name":"Accueil","item":"https:\/\/okamimura.fr\/"},{"@type":"ListItem","position":2,"name":"Les R\u00e8gles","item":"https:\/\/okamimura.fr\/index.php\/les-regles\/"},{"@type":"ListItem","position":3,"name":"Extension Sir\u00e8nes :"}]},{"@type":"WebSite","@id":"https:\/\/okamimura.fr\/#website","url":"https:\/\/okamimura.fr\/","name":"Okamimura","description":"Je peux pas j&#039;enqu\u00eate !","potentialAction":[{"@type":"SearchAction","target":{"@type":"EntryPoint","urlTemplate":"https:\/\/okamimura.fr\/?s={search_term_string}"},"query-input":{"@type":"PropertyValueSpecification","valueRequired":true,"valueName":"search_term_string"}}],"inLanguage":"en-US"}]}},"ticketed":false,"_links":{"self":[{"href":"https:\/\/okamimura.fr\/index.php\/wp-json\/wp\/v2\/pages\/493","targetHints":{"allow":["GET"]}}],"collection":[{"href":"https:\/\/okamimura.fr\/index.php\/wp-json\/wp\/v2\/pages"}],"about":[{"href":"https:\/\/okamimura.fr\/index.php\/wp-json\/wp\/v2\/types\/page"}],"author":[{"embeddable":true,"href":"https:\/\/okamimura.fr\/index.php\/wp-json\/wp\/v2\/users\/1"}],"replies":[{"embeddable":true,"href":"https:\/\/okamimura.fr\/index.php\/wp-json\/wp\/v2\/comments?post=493"}],"version-history":[{"count":9,"href":"https:\/\/okamimura.fr\/index.php\/wp-json\/wp\/v2\/pages\/493\/revisions"}],"predecessor-version":[{"id":598,"href":"https:\/\/okamimura.fr\/index.php\/wp-json\/wp\/v2\/pages\/493\/revisions\/598"}],"up":[{"embeddable":true,"href":"https:\/\/okamimura.fr\/index.php\/wp-json\/wp\/v2\/pages\/36"}],"wp:attachment":[{"href":"https:\/\/okamimura.fr\/index.php\/wp-json\/wp\/v2\/media?parent=493"}],"curies":[{"name":"wp","href":"https:\/\/api.w.org\/{rel}","templated":true}]}}